{"id":3596,"date":"2021-10-23T23:55:50","date_gmt":"2021-10-23T22:55:50","guid":{"rendered":"https:\/\/actingmethodinternational.com\/our-clients\/"},"modified":"2021-12-15T22:44:56","modified_gmt":"2021-12-15T21:44:56","slug":"our-clients","status":"publish","type":"page","link":"https:\/\/actingmethodinternational.com\/en\/our-clients\/","title":{"rendered":"Our clients"},"content":{"rendered":"\t\t<div data-elementor-type=\"wp-page\" data-elementor-id=\"3596\" class=\"elementor elementor-3596 elementor-3009\" data-elementor-post-type=\"page\">\n\t\t\t\t\t\t<section class=\"elementor-section elementor-top-section elementor-element elementor-element-25ad306f elementor-section-stretched elementor-section-height-min-height elementor-section-boxed elementor-section-height-default elementor-section-items-middle\" data-id=\"25ad306f\" data-element_type=\"section\" data-e-type=\"section\" data-settings=\"{&quot;stretch_section&quot;:&quot;section-stretched&quot;,&quot;background_background&quot;:&quot;classic&quot;}\">\n\t\t\t\t\t\t<div class=\"elementor-container elementor-column-gap-no\">\n\t\t\t\t\t<div class=\"elementor-column elementor-col-100 elementor-top-column elementor-element elementor-element-6464a90c\" data-id=\"6464a90c\" data-element_type=\"column\" data-e-type=\"column\">\n\t\t\t<div class=\"elementor-widget-wrap elementor-element-populated\">\n\t\t\t\t\t\t\t<\/div>\n\t\t<\/div>\n\t\t\t\t\t<\/div>\n\t\t<\/section>\n\t\t\t\t<section class=\"elementor-section elementor-top-section elementor-element elementor-element-c549746 elementor-section-content-middle elementor-section-stretched elementor-section-boxed elementor-section-height-default elementor-section-height-default\" data-id=\"c549746\" data-element_type=\"section\" data-e-type=\"section\" data-settings=\"{&quot;stretch_section&quot;:&quot;section-stretched&quot;,&quot;background_background&quot;:&quot;classic&quot;}\">\n\t\t\t\t\t\t<div class=\"elementor-container elementor-column-gap-no\">\n\t\t\t\t\t<div class=\"elementor-column elementor-col-100 elementor-top-column elementor-element elementor-element-40c1f59 elementor-invisible\" data-id=\"40c1f59\" data-element_type=\"column\" data-e-type=\"column\" data-settings=\"{&quot;animation&quot;:&quot;fadeInLeft&quot;}\">\n\t\t\t<div class=\"elementor-widget-wrap elementor-element-populated\">\n\t\t\t\t\t\t<div class=\"elementor-element elementor-element-e1070ee elementor-widget elementor-widget-image\" data-id=\"e1070ee\" data-element_type=\"widget\" data-e-type=\"widget\" data-widget_type=\"image.default\">\n\t\t\t\t<div class=\"elementor-widget-container\">\n\t\t\t\t\t\t\t\t\t\t\t\t\t\t\t<img fetchpriority=\"high\" decoding=\"async\" width=\"922\" height=\"486\" src=\"https:\/\/actingmethodinternational.com\/wp-content\/uploads\/2021\/09\/references-actingmethod.jpg\" class=\"attachment-large size-large wp-image-3544\" alt=\"\" srcset=\"https:\/\/actingmethodinternational.com\/wp-content\/uploads\/2021\/09\/references-actingmethod.jpg 922w, https:\/\/actingmethodinternational.com\/wp-content\/uploads\/2021\/09\/references-actingmethod-300x158.jpg 300w, https:\/\/actingmethodinternational.com\/wp-content\/uploads\/2021\/09\/references-actingmethod-768x405.jpg 768w, https:\/\/actingmethodinternational.com\/wp-content\/uploads\/2021\/09\/references-actingmethod-600x316.jpg 600w\" sizes=\"(max-width: 922px) 100vw, 922px\" \/>\t\t\t\t\t\t\t\t\t\t\t\t\t\t\t<\/div>\n\t\t\t\t<\/div>\n\t\t\t\t<div class=\"elementor-element elementor-element-36ec1f6 elementor-widget elementor-widget-text-editor\" data-id=\"36ec1f6\" data-element_type=\"widget\" data-e-type=\"widget\" data-widget_type=\"text-editor.default\">\n\t\t\t\t<div class=\"elementor-widget-container\">\n\t\t\t\t\t\t\t\t\t<p>Alexander Hughes International &#8211; Abaque Industrie &#8211; Abiss &#8211; Acce Industries SA &#8211; Acceldis SA &#8211; Aceif &#8211; Acsemo &#8211; Actelion &#8211; Actemium (VINCI energies group) &#8211; Action Plus Net &#8211; Acushnet France SAS &#8211; Ad construction &#8211; Adept &#8211; Adfpa 05 &#8211; Adil du gard &#8211; Adnsoft &#8211; Adpower &#8211; Afi Assurances &#8211; Afone &#8211; Afpa &#8211; Agami Family office &#8211; AGC Conseils &#8211; Agena-Tramp &#8211; Agence Etoile &#8211; Agence Voyage Voyage &#8211; Agenda Cultural &#8211; Communications Agency &#8211; AGEPS AP HP &#8211; Agicoa &#8211; Agilav &#8211; Agpi &#8211; AG Tolerie &#8211; Air Cargo Services &#8211; Akor &#8211; Aladium consulting &#8211; Aliz\u00e9 SFL &#8211; A l&#8217;olivier &#8211; Althays Groupe &#8211; Amazone Mod&#8217;s Hair &#8211; Am\u00e9nagement 77 &#8211; American Express &#8211; Amesys &#8211; Anad\u00e9o &#8211; Antemeta &#8211; Anton Paar &#8211; Apas OS-BTP &#8211; Applic Ortho &#8211; Arcane Concept &#8211; Archimed &#8211; Archival &#8211; Armony Cuisine &#8211; Aro Welding Technologies &#8211; Arro &#8211; Arte &#8211; Artea Architecture &#8211; Arteis (Vinci group) &#8211; Arthur Loyd Investissement &#8211; Artiservices &#8211; Arysta LifeScience &#8211; Aspide Medical &#8211; As Conseils &#8211; National Assembly &#8211; Public Assistance-Hospitals of Paris &#8211; Associations Mutuelles Le Conservateur &#8211; Assurances Banque Populaire &#8211; Aud\u00e9mar Conseil &#8211; Autovista &#8211; Avolio Fr\u00e8res &#8211; AXA &#8211; Azenn Systems &#8211; Bande SARL &#8211; Banque Populaire Val de France &#8211; Bayer SAS &#8211; BB GR &#8211; Bordeaux Bureau Service &#8211; Beaufour Ipsen Intl &#8211; Beckhoff &#8211; Beten Ingeni\u00e9rie &#8211; BigMat Bereziat- Biolait &#8211; Bio Systems &#8211; Bistrot 2 Anes &#8211; Blot Immobilier &#8211; Bodemer &#8211; BOLLORE &#8211; Butcher For Children &#8211; Boulangerie Poiroux &#8211; Bouygues B\u00e2timent Brenta &#8211; Brinks &#8211; Bristol-Myers-Squibb &#8211; Brown Forman &#8211; Bull SAS &#8211; Buropa 3C &#8211; Law firm CC &#8211; Cabinet Axa Zimmermann Maurel &#8211; Cabinet CCR &#8211; Cabinet Chamorand &#8211; Accounting firm Golli &#8211; Accounting firm Ithier &#8211; Firm Coulanges &#8211; Accounting firm Lesueur &#8211; Firm Guerraud &amp; associ\u00e9s G\u00e9om\u00e8tres &#8211; Firm Plasseraud &#8211; Firm Sorel &#8211; Accounting firm Vincent &#8211; Call &#8216; Sat &#8211; Camping du Bord de Mer &#8211; Capelec SA &#8211; Capgemini &#8211; Caprelec &#8211; Carl2a &#8211; Carrefour Market CB &#8211; CCE SNCF &#8211; CE Arc Intl &#8211; CEA Energie Atomique &#8211; Center de Ge stion Agri &#8211; CENS &#8211; Medical Business Center &#8211; Road training center &#8211; Medical Center Europe &#8211; Social Center A. Malraux &#8211; Cervoni conseil &#8211; CFDT &#8211; CGS &#8211; Chambery Alpes Habitat &#8211; Champagnes Tassin &#8211; Chants Libres &#8211; Charm&#8217;Ossature &#8211; Ch\u00e2teau d &#8216; Aqueria &#8211; Ch\u00e9rie FM &#8211; CHRU Lille CH Beauvais &#8211; CHU St Nazaire &#8211; CIBC du Cher &#8211; Cinecheque &#8211; CIC &#8211; Cinetic Automation &#8211; Cirrus Industrie &#8211; CIS Infoservices &#8211; Cit\u00e9os &#8211; Class Air Pro &#8211; Clestra &#8211; Clinique de l&#8217;Estr\u00e9e &#8211; Clinic M\u00e9dico-Sport &#8211; Clubmoving &#8211; Clivot transports &#8211; CLS &#8211; CMI France &#8211; Compagnie des Alpes &#8211; Compagnie Nationale des Conseils en property patent &#8211; Coaching Systems &#8211; Codepharma &#8211; Coldwell banker &#8211; Colise -Comptoir Savoyard de Distribution &#8211; Computacenter &#8211; Concept Europe &#8211; Conde &#8211; Condi Plus &#8211; Conforelec Conseil G\u00e9n\u00e9ral des C\u00f4tes d&#8217;Armor &#8211; Regional Council of Lorraine &#8211; Coopere &#8211; Consultis &#8211; CPAN &#8211; CPCU &#8211; Cr\u00e9dit Agricole IFCAM &#8211; CREIB \u2013 OMR &#8211; Cresus Alsace &#8211; Cuisine Plus &#8211; Cyborg &#8211; Dalkia (Veolia group) &#8211; Dalia SAS &#8211; DCG consultants &#8211; Decathlon &#8211; Defoly immobilier (Orpi group) &#8211; Degremont (SUEZ Group) &#8211; Delmas (Bollor\u00e9 Group) &#8211; Delphi France &#8211; Delta media &#8211; Demacom &#8211; Denin SARL &#8211; Dereve SARL &#8211; Dermomed &#8211; Desangosse &#8211; Desrues SAS &#8211; DG Communication &#8211; Diagonal Groupe &#8211; Dige International &#8211; Directclim &#8211; Dis &#8211; Distrib &#8216;Services &#8211; Distrimag &#8211; DLSI &#8211; Doctor Matthieu Date Akayi &#8211; Domaine du Tariquet &#8211; Domus &#8211; Double D Import &#8211; DPS Mon\u00e9bak &#8211; DSA Experts &#8211; Duclos International &#8211; Early bird &#8211; E2V Technologies &#8211; Ece Conseil &#8211; Eclosion &#8211; Ecosfer &#8211; Ecuries Guarato &#8211; Editeurs sans Fronti\u00e8res &#8211; EHPAD St Jean &#8211; EHPAD Mellet Mandart &#8211; EHPAD Mestioual &#8211; EHPAD Les Tilleuls &#8211; Elex &#8211; Elys\u00e9es Expertises &#8211; Energhouse &#8211; Enneade &#8211; Enrco Conseils &#8211; Entra &#8211; EPAD &#8211; EPIC &#8211; Espace M &#8211; Espace Oc\u00e9an Immobilier &#8211; ESSSE &#8211; E SSILOR &#8211; ESTEE LAUDER Companies Europe &#8211; Etablissements Geay &#8211; ETPM SAS &#8211; Study of Fluids &#8211; Study Hermain Bailiff &#8211; Eurochlore SA &#8211; Euro Conduite &#8211; Euro Digital Expert &#8211; Europlacer Distribution &#8211; Europlacer Industries SA &#8211; Europrisme Medical RD &#8211; Eurotax Glass &#8211; Exkalis &#8211; Expert BAT &#8211; Fargas &#8211; Fath &#8211; Fcomfree- F\u00e9d\u00e9ration Fran\u00e7aise de Lutte &#8211; Fenzy SA &#8211; Feralp SAS &#8211; Ferme de Cond\u00e9 &#8211; FG Habitat &#8211; Fidexcia Guadeloupe &#8211; Filing NR &#8211; Fleury Michon &#8211; Fortis &#8211; Fourneil de Saint Loup &#8211; FPPM France G\u00e9othermie &#8211; France Pare &#8211; Brise &#8211; France T\u00e9l\u00e9com &#8211; Franck Julien Notaire &#8211; Fremantlemedia &#8211; Fruiti\u00e8res CHABERT &#8211; FTC &#8211; Gagneraud Construction &#8211; Gailllard &#8211; Galva Med &#8211; Gaussin Manugistique &#8211; Gaussin Event &#8211; Gaz de France &#8211; GDMTP &#8211; Gefec &#8211; G\u00e9n\u00e9rale des Eaux &#8211; G\u00e9n\u00e9rations &amp; Cultures &#8211; Genitech &#8211; George Fischer &#8211; Gerflor &#8211; GID &#8211; GITF &#8211; Glazing Goodyear &#8211; GPF &#8211; Large Ecran &#8211; GRIEPS &#8211; Groupe 3000 &#8211; Groupe Cahors &#8211; Groupe CHD &#8211; Groupe Diagonal &#8211; Groupe Figaro &#8211; Groupe Hospitalier Paris Saint Joseph &#8211; Groupe J &#8211; Groupe Tennessee &#8211; Groupe Vallee &#8211; Habitat Confort &#8211; Hamon &#8211; Haute Autorit\u00e9 de Sant\u00e9 &#8211; Herboristerie du Palais Royal &#8211; Hild &#8211; Hispano-Suiza (Safran group) &#8211; Hodmeter &#8211; Honda &#8211; Hotel Kyriade &#8211; Howden France &#8211; IAD France &#8211; Ibiden DPF &#8211; Idelis &#8211; Idreseau &#8211; Imprimerie Perroux &#8211; Incorp &#8211; Indian River &#8211; INEO Gdf Suez &#8211; Info-project &#8211; Infusion &#8211; Ingenico &#8211; Institute for Research and Documentation in Health Economics &#8211; Institut du Cours &#8211; Institut Schneider Formation &#8211; Intra Muros Investments &#8211; IPECA GESTION &#8211; IPSSO SAS &#8211; IQSIM &#8211; IRIS Diagnostics France &#8211; ISS Services Ixeurope &#8211; International Cookware &#8211; Intramuros investments &#8211; ISIPCA Paris &#8211; Itecom &#8211; Jimenez FVA &#8211; JOA &#8211; John Deere &#8211; Johnson Controls &#8211; Journal de Sa\u00f4ne-et-Loire &#8211; JP Diffusion &#8211; JV Assistance &#8211; Kappa Scao &#8211; KBO &#8211; King Moto Groupe &#8211; Konica Minolta &#8211; Kurt Salmon Associates &#8211; La Ferrandaise restaurant &#8211; Lafitau Fr\u00e8res &#8211; Lambert location &#8211; Laser &#8211; Le Pontet SA &#8211; L&#8217;Etrier &#8211; LCH Clearnet &#8211; Lear &#8211; Le Bien Public Media &#8211; Leclerc &#8211; Lecxp &#8211; Leroy-Somer &#8211; Les Echos &#8211; Lightec Suisse &#8211; Localeo &#8211; Lombard Odier Darier Hentsch &#8211; Lorraine Service &#8211; Loudeac Bureautique &#8211; Lyreco &#8211; Lysogene &#8211; Maflow France Automotive SAS &#8211; Mairie d&#8217;Aulnay sous Bois &#8211; Mairie de Coulounieix &#8211; Retirement home La Verri\u00e8re &#8211; Maison des Pommeraies &#8211; Ma\u00eetre Cadet Collin &#8211; Majorelle &#8211; Marignier Agence &#8211; Male ready to wear &#8211; Materials and colors &#8211; Maya &#8211; Mb Architecture &#8211; MBK Industrie &#8211; MBO &#8211; MBS Agencement &#8211; MC Cormick &#8211; Meca-Inox &#8211; Mediacom &#8211; Mediphone services &#8211; Meilleurtaux.com &#8211; M\u00e9tallerie Guettard &#8211; Mil Eclair &#8211; MJA &#8211; MJM Graphic Design &#8211; Meteodyn &#8211; MMA assurances &#8211; Mobil Elasto France &#8211; Mo\u00ebt &amp; Chandon &#8211; Monster &#8211; Montmartre Patrimoine &#8211; Music Sales LTD &#8211; Mutual Ministry of Justice &#8211; NATIXIS Assuran ces &#8211; Negative + &#8211; Nextamp &#8211; Nicols France SA &#8211; Novograaf France &#8211; Nomar &#8211; Notary Eric Ricou &#8211; Nova performance &#8211; Novo Nordisk &#8211; Normandie Expertises Immo &#8211; Ocalia &#8211; OCI Informatique &#8211; Tourist Office of Cabourg &#8211; OMS Handling SA &#8211; Op\u00e9ra National de Toulon &#8211; Option Evasion &#8211; Optilian &#8211; Orange France Telecom &#8211; Osiatis &#8211; Osram &#8211; Osyka Ouest Alu SA (Liebot Group) &#8211; Pallone &#8211; Parc Ast\u00e9rix &#8211; Parcours SA &#8211; Patisfrais &#8211; Pathel Industrie &#8211; Patrick Pons Diffusion &#8211; Percall &#8211; Peugeot Citro\u00ebn &#8211; Pharmacy Bery &#8211; Pharmacy Chappard &#8211; Paridis Pharmacy &#8211; Roucas Pharmacy &#8211; Piantoni SA &#8211; Pichon Ets SA &#8211; Pictime Groupe &#8211; Pierre Fabre &#8211; Pierre au Carr\u00e9 &#8211; PIM &#8211; Plastic Gosselin &#8211; Montajault Technical Platform &#8211; Plenita &#8211; PMA &#8211; Pompes Fun\u00e8bres Dacquoises &#8211; Image Bearer &#8211; Powernext &#8211; Poyry Forest industry &#8211; Proforma &#8211; Protec D\u00e9cors &#8211; Protec Industrie &#8211; Protisvalor M\u00e9diterran\u00e9er &#8211; PSL Querlioz &#8211; Publi Impress &#8211; PVE &#8211; Pyrex &#8211; Queau L&#8217;Henaff &#8211; Quescom &#8211; R &amp; D Graphic &#8211; Renault Arcadie Automobi the &#8211; Renofass &#8211; Gerontological Network of the Charolais Country &#8211; Residence &#8220;Le Verger&#8221; &#8211; Restaurant Le R\u00e9gent &#8211; RI &#8211; Media Solutions &#8211; Rioufreyt caterer &#8211; Riquet Humbert Assurance &#8211; RMA &#8211; RMJ &#8211; Rochexpo &#8211; Rucola &#8211; Ryb &#8211; Sade (Subsidiary Veolia) Safetool &#8211; Salicoque Mar\u00e9e &#8211; Saltatrans &#8211; Samiouest &#8211; Sanfilippo Therapeutics &#8211; Sanipouss &#8211; Sanofi Aventis &#8211; Sant\u00e9 Port Royal &#8211; Sappel &#8211; SARL Le Pont &#8211; Sarofot Le Portrait Different &#8211; SAS Concept 2003 &#8211; SAS Moulin &#8211; Schmit Chretien &#8211; SCP Salans &amp; Associ\u00e9s &#8211; SDO Sefas Technologies &#8211; SEMAM &#8211; Semin Holding &#8211; SEPAC &#8211; SEPPIC (Groupe Airliquide) &#8211; SERSID &#8211; Serrurerie-M\u00e9tallerie FDeak-Sigma Aldrich &#8211; Chemistry &#8211; Simulog &#8211; Singer Fr\u00e8res &#8211; Siparex &#8211; Skhol d&#8217;Art &#8211; Skytronic &#8211; SNCF &#8211; SNCZ &#8211; Socachal &#8211; Soci\u00e9t\u00e9 Hoteli\u00e8re la Vieille Auberge &#8211; Company of Rapid-Transport Parisiens &#8211; Soci\u00e9t\u00e9 du Golf de Boutigny &#8211; Soci\u00e9t\u00e9 Antillaise de S\u00e9curit\u00e9 &#8211; Sofrapack &#8211; Softel &#8211; Sogetrel SAS &#8211; Sokatel &#8211; Soldalys &#8211; Soleol &#8211; Solucom &#8211; Soprema &#8211; Sorem &#8211; Sotracom &#8211; Sovema &#8211; Sperian Respiratory Protection France &#8211; Spie Communications &#8211; SRH SARL &#8211; SRPA &#8211; SSIAD Triade 91 &#8211; Stade Montois &#8211; St Dupont &#8211; Standing constructions &#8211; Staub &#8211; Swets &#8211; Symtrax SA &#8211; Talux &#8211; Tata Steel France SAS &#8211; TBM Constructions &#8211; Teambooster &#8211; TEH &#8211; Terre Arm\u00e9e &#8211; Tertia Design &#8211; Tests E Performance &#8211; TGS Thomson &#8211; Thot Ingenierie &#8211; TI Automotive &#8211; TOTAL &#8211; Touraine Expertise &#8211; Trace Parts &#8211; Tractel &#8211; Trans &#8211; Landes &#8211; Transports Mory &#8211; Travaux Public B\u00e2timent &#8211; Trelleborg &#8211; TRIGO the quality network &#8211; UCPA &#8211; Union G\u00e9n\u00e9rale de Technique Univers Mon\u00e9tique &#8211; Universit\u00e9 Claude Bernard Lyon &#8211; UPC &#8211; Vania Expansion SNC ( Gapac group) &#8211; Veolia Water &#8211; Vidalia &#8211; Vinavoce &#8211; VINCI Energies &#8211; Visuol Technologies &#8211; Vitalac &#8211; Volvo Penta &#8211; Weir Valves &amp; Controls &#8211; WMF France &#8211; Yelloh! Village &#8211; Y2i Finances &#8211; ZD Market Intelligence &#8211; Zelphis &#8211; Zodiac Aerospace<\/p>\n\t\t\t\t\t\t\t\t<\/div>\n\t\t\t\t<\/div>\n\t\t\t\t\t<\/div>\n\t\t<\/div>\n\t\t\t\t\t<\/div>\n\t\t<\/section>\n\t\t\t\t<section class=\"elementor-section elementor-top-section elementor-element elementor-element-1927cd6 elementor-section-boxed elementor-section-height-default elementor-section-height-default\" data-id=\"1927cd6\" data-element_type=\"section\" data-e-type=\"section\" data-settings=\"{&quot;background_background&quot;:&quot;classic&quot;}\">\n\t\t\t\t\t\t<div class=\"elementor-container elementor-column-gap-default\">\n\t\t\t\t\t<div class=\"elementor-column elementor-col-100 elementor-top-column elementor-element elementor-element-13ef09f\" data-id=\"13ef09f\" data-element_type=\"column\" data-e-type=\"column\">\n\t\t\t<div class=\"elementor-widget-wrap elementor-element-populated\">\n\t\t\t\t\t\t<div class=\"elementor-element elementor-element-b214bbc elementor-widget elementor-widget-heading\" data-id=\"b214bbc\" data-element_type=\"widget\" data-e-type=\"widget\" data-widget_type=\"heading.default\">\n\t\t\t\t<div class=\"elementor-widget-container\">\n\t\t\t\t\t<h3 class=\"elementor-heading-title elementor-size-default\">For any information request, contact Acting Method International<\/h3>\t\t\t\t<\/div>\n\t\t\t\t<\/div>\n\t\t\t\t<div class=\"elementor-element elementor-element-9f4a1b5 elementor-widget elementor-widget-spacer\" data-id=\"9f4a1b5\" data-element_type=\"widget\" data-e-type=\"widget\" data-widget_type=\"spacer.default\">\n\t\t\t\t<div class=\"elementor-widget-container\">\n\t\t\t\t\t\t\t<div class=\"elementor-spacer\">\n\t\t\t<div class=\"elementor-spacer-inner\"><\/div>\n\t\t<\/div>\n\t\t\t\t\t\t<\/div>\n\t\t\t\t<\/div>\n\t\t\t\t<div class=\"elementor-element elementor-element-cf6fe0b elementor-align-center elementor-widget elementor-widget-button\" data-id=\"cf6fe0b\" data-element_type=\"widget\" data-e-type=\"widget\" data-widget_type=\"button.default\">\n\t\t\t\t<div class=\"elementor-widget-container\">\n\t\t\t\t\t\t\t\t\t<div class=\"elementor-button-wrapper\">\n\t\t\t\t\t<a class=\"elementor-button elementor-button-link elementor-size-md\" href=\"\/en\/contact\/\">\n\t\t\t\t\t\t<span class=\"elementor-button-content-wrapper\">\n\t\t\t\t\t\t\t\t\t<span class=\"elementor-button-text\">Information request<\/span>\n\t\t\t\t\t<\/span>\n\t\t\t\t\t<\/a>\n\t\t\t\t<\/div>\n\t\t\t\t\t\t\t\t<\/div>\n\t\t\t\t<\/div>\n\t\t\t\t\t<\/div>\n\t\t<\/div>\n\t\t\t\t\t<\/div>\n\t\t<\/section>\n\t\t\t\t<\/div>\n\t\t","protected":false},"excerpt":{"rendered":"<p>Alexander Hughes International &#8211; Abaque Industrie &#8211; Abiss &#8211; Acce Industries SA &#8211; Acceldis SA &#8211; Aceif &#8211; Acsemo &#8211; Actelion &#8211; Actemium (VINCI energies group) &#8211; Action Plus Net &#8211; Acushnet France SAS &#8211; Ad construction &#8211; Adept &#8211; Adfpa 05 &#8211; Adil du gard &#8211; Adnsoft &#8211; Adpower &#8211; Afi Assurances &#8211; Afone&hellip;<\/p>\n","protected":false},"author":1,"featured_media":3496,"parent":0,"menu_order":0,"comment_status":"closed","ping_status":"closed","template":"elementor_header_footer","meta":{"_acf_changed":false,"cybocfi_hide_featured_image":"","footnotes":""},"class_list":["post-3596","page","type-page","status-publish","has-post-thumbnail","hentry"],"acf":[],"aioseo_notices":[],"_links":{"self":[{"href":"https:\/\/actingmethodinternational.com\/en\/wp-json\/wp\/v2\/pages\/3596","targetHints":{"allow":["GET"]}}],"collection":[{"href":"https:\/\/actingmethodinternational.com\/en\/wp-json\/wp\/v2\/pages"}],"about":[{"href":"https:\/\/actingmethodinternational.com\/en\/wp-json\/wp\/v2\/types\/page"}],"author":[{"embeddable":true,"href":"https:\/\/actingmethodinternational.com\/en\/wp-json\/wp\/v2\/users\/1"}],"replies":[{"embeddable":true,"href":"https:\/\/actingmethodinternational.com\/en\/wp-json\/wp\/v2\/comments?post=3596"}],"version-history":[{"count":5,"href":"https:\/\/actingmethodinternational.com\/en\/wp-json\/wp\/v2\/pages\/3596\/revisions"}],"predecessor-version":[{"id":4575,"href":"https:\/\/actingmethodinternational.com\/en\/wp-json\/wp\/v2\/pages\/3596\/revisions\/4575"}],"wp:featuredmedia":[{"embeddable":true,"href":"https:\/\/actingmethodinternational.com\/en\/wp-json\/wp\/v2\/media\/3496"}],"wp:attachment":[{"href":"https:\/\/actingmethodinternational.com\/en\/wp-json\/wp\/v2\/media?parent=3596"}],"curies":[{"name":"wp","href":"https:\/\/api.w.org\/{rel}","templated":true}]}}